{"id":984,"date":"2023-04-17T09:33:59","date_gmt":"2023-04-17T02:33:59","guid":{"rendered":"https:\/\/donga-recycling.vn\/san-pham\/"},"modified":"2025-08-01T10:49:05","modified_gmt":"2025-08-01T03:49:05","slug":"san-pham","status":"publish","type":"page","link":"https:\/\/donga-recycling.vn\/en\/san-pham\/","title":{"rendered":"Products"},"content":{"rendered":"","protected":false},"excerpt":{"rendered":"","protected":false},"author":1,"featured_media":864,"parent":0,"menu_order":0,"comment_status":"closed","ping_status":"closed","template":"page-template\/products-template.php","meta":{"inline_featured_image":false,"_mi_skip_tracking":false,"footnotes":""},"class_list":["post-984","page","type-page","status-publish","has-post-thumbnail","hentry"],"acf":[],"yoast_head":"<!-- This site is optimized with the Yoast SEO plugin v20.5 - https:\/\/yoast.com\/wordpress\/plugins\/seo\/ -->\n<title>Products - Dong A - Recycling<\/title>\n<meta name=\"robots\" content=\"index, follow, max-snippet:-1, max-image-preview:large, max-video-preview:-1\" \/>\n<link rel=\"canonical\" href=\"https:\/\/donga-recycling.vn\/en\/san-pham\/\" \/>\n<meta property=\"og:locale\" content=\"en_US\" \/>\n<meta property=\"og:type\" content=\"article\" \/>\n<meta property=\"og:title\" content=\"donga-recycling\" \/>\n<meta property=\"og:url\" content=\"https:\/\/donga-recycling.vn\/en\/san-pham\/\" \/>\n<meta property=\"og:site_name\" content=\"Dong A - Recycling\" \/>\n<meta property=\"article:modified_time\" content=\"2025-08-01T03:49:05+00:00\" \/>\n<meta property=\"og:image\" content=\"http:\/\/donga-recycling.vn\/wp-content\/uploads\/2023\/04\/banner-sanpham.png\" \/>\n\t<meta property=\"og:image:width\" content=\"588\" \/>\n\t<meta property=\"og:image:height\" content=\"300\" \/>\n\t<meta property=\"og:image:type\" content=\"image\/png\" \/>\n<meta name=\"twitter:card\" content=\"summary_large_image\" \/>\n<meta name=\"twitter:title\" content=\"donga-recycling\" \/>\n<meta name=\"twitter:image\" content=\"https:\/\/donga-recycling.vn\/wp-content\/uploads\/2023\/04\/banner-sanpham.png\" \/>\n<script type=\"application\/ld+json\" class=\"yoast-schema-graph\">{\"@context\":\"https:\/\/schema.org\",\"@graph\":[{\"@type\":\"WebPage\",\"@id\":\"https:\/\/donga-recycling.vn\/en\/san-pham\/\",\"url\":\"https:\/\/donga-recycling.vn\/en\/san-pham\/\",\"name\":\"Products - Dong A - Recycling\",\"isPartOf\":{\"@id\":\"https:\/\/donga-recycling.vn\/en\/#website\"},\"datePublished\":\"2023-04-17T02:33:59+00:00\",\"dateModified\":\"2025-08-01T03:49:05+00:00\",\"breadcrumb\":{\"@id\":\"https:\/\/donga-recycling.vn\/en\/san-pham\/#breadcrumb\"},\"inLanguage\":\"en-US\",\"potentialAction\":[{\"@type\":\"ReadAction\",\"target\":[\"https:\/\/donga-recycling.vn\/en\/san-pham\/\"]}]},{\"@type\":\"BreadcrumbList\",\"@id\":\"https:\/\/donga-recycling.vn\/en\/san-pham\/#breadcrumb\",\"itemListElement\":[{\"@type\":\"ListItem\",\"position\":1,\"name\":\"Trang ch\u1ee7\",\"item\":\"https:\/\/donga-recycling.vn\/en\/\"},{\"@type\":\"ListItem\",\"position\":2,\"name\":\"Products\"}]},{\"@type\":\"WebSite\",\"@id\":\"https:\/\/donga-recycling.vn\/en\/#website\",\"url\":\"https:\/\/donga-recycling.vn\/en\/\",\"name\":\"Dong A - Recycling\",\"description\":\"S\u1ee9 m\u1ec7nh c\u1ee7a ch\u00fang t\u00f4i l\u00e0 g\u00f3p ph\u1ea7n gi\u1ea3m thi\u1ec3u r\u00e1c th\u1ea3i nh\u1ef1a ra m\u00f4i tr\u01b0\u1eddng t\u1ea1i Vi\u1ec7t Nam\",\"publisher\":{\"@id\":\"https:\/\/donga-recycling.vn\/en\/#organization\"},\"potentialAction\":[{\"@type\":\"SearchAction\",\"target\":{\"@type\":\"EntryPoint\",\"urlTemplate\":\"https:\/\/donga-recycling.vn\/en\/?s={search_term_string}\"},\"query-input\":\"required name=search_term_string\"}],\"inLanguage\":\"en-US\"},{\"@type\":\"Organization\",\"@id\":\"https:\/\/donga-recycling.vn\/en\/#organization\",\"name\":\"Dong A - Recycling\",\"url\":\"https:\/\/donga-recycling.vn\/en\/\",\"logo\":{\"@type\":\"ImageObject\",\"inLanguage\":\"en-US\",\"@id\":\"https:\/\/donga-recycling.vn\/en\/#\/schema\/logo\/image\/\",\"url\":\"https:\/\/donga-recycling.vn\/wp-content\/uploads\/2023\/04\/logo.png\",\"contentUrl\":\"https:\/\/donga-recycling.vn\/wp-content\/uploads\/2023\/04\/logo.png\",\"width\":261,\"height\":67,\"caption\":\"Dong A - Recycling\"},\"image\":{\"@id\":\"https:\/\/donga-recycling.vn\/en\/#\/schema\/logo\/image\/\"}}]}<\/script>\n<!-- \/ Yoast SEO plugin. -->","yoast_head_json":{"title":"Products - Dong A - Recycling","robots":{"index":"index","follow":"follow","max-snippet":"max-snippet:-1","max-image-preview":"max-image-preview:large","max-video-preview":"max-video-preview:-1"},"canonical":"https:\/\/donga-recycling.vn\/en\/san-pham\/","og_locale":"en_US","og_type":"article","og_title":"donga-recycling","og_url":"https:\/\/donga-recycling.vn\/en\/san-pham\/","og_site_name":"Dong A - Recycling","article_modified_time":"2025-08-01T03:49:05+00:00","og_image":[{"width":588,"height":300,"url":"http:\/\/donga-recycling.vn\/wp-content\/uploads\/2023\/04\/banner-sanpham.png","type":"image\/png"}],"twitter_card":"summary_large_image","twitter_title":"donga-recycling","twitter_image":"https:\/\/donga-recycling.vn\/wp-content\/uploads\/2023\/04\/banner-sanpham.png","schema":{"@context":"https:\/\/schema.org","@graph":[{"@type":"WebPage","@id":"https:\/\/donga-recycling.vn\/en\/san-pham\/","url":"https:\/\/donga-recycling.vn\/en\/san-pham\/","name":"Products - Dong A - Recycling","isPartOf":{"@id":"https:\/\/donga-recycling.vn\/en\/#website"},"datePublished":"2023-04-17T02:33:59+00:00","dateModified":"2025-08-01T03:49:05+00:00","breadcrumb":{"@id":"https:\/\/donga-recycling.vn\/en\/san-pham\/#breadcrumb"},"inLanguage":"en-US","potentialAction":[{"@type":"ReadAction","target":["https:\/\/donga-recycling.vn\/en\/san-pham\/"]}]},{"@type":"BreadcrumbList","@id":"https:\/\/donga-recycling.vn\/en\/san-pham\/#breadcrumb","itemListElement":[{"@type":"ListItem","position":1,"name":"Trang ch\u1ee7","item":"https:\/\/donga-recycling.vn\/en\/"},{"@type":"ListItem","position":2,"name":"Products"}]},{"@type":"WebSite","@id":"https:\/\/donga-recycling.vn\/en\/#website","url":"https:\/\/donga-recycling.vn\/en\/","name":"Dong A - Recycling","description":"S\u1ee9 m\u1ec7nh c\u1ee7a ch\u00fang t\u00f4i l\u00e0 g\u00f3p ph\u1ea7n gi\u1ea3m thi\u1ec3u r\u00e1c th\u1ea3i nh\u1ef1a ra m\u00f4i tr\u01b0\u1eddng t\u1ea1i Vi\u1ec7t Nam","publisher":{"@id":"https:\/\/donga-recycling.vn\/en\/#organization"},"potentialAction":[{"@type":"SearchAction","target":{"@type":"EntryPoint","urlTemplate":"https:\/\/donga-recycling.vn\/en\/?s={search_term_string}"},"query-input":"required name=search_term_string"}],"inLanguage":"en-US"},{"@type":"Organization","@id":"https:\/\/donga-recycling.vn\/en\/#organization","name":"Dong A - Recycling","url":"https:\/\/donga-recycling.vn\/en\/","logo":{"@type":"ImageObject","inLanguage":"en-US","@id":"https:\/\/donga-recycling.vn\/en\/#\/schema\/logo\/image\/","url":"https:\/\/donga-recycling.vn\/wp-content\/uploads\/2023\/04\/logo.png","contentUrl":"https:\/\/donga-recycling.vn\/wp-content\/uploads\/2023\/04\/logo.png","width":261,"height":67,"caption":"Dong A - Recycling"},"image":{"@id":"https:\/\/donga-recycling.vn\/en\/#\/schema\/logo\/image\/"}}]}},"_links":{"self":[{"href":"https:\/\/donga-recycling.vn\/en\/wp-json\/wp\/v2\/pages\/984","targetHints":{"allow":["GET"]}}],"collection":[{"href":"https:\/\/donga-recycling.vn\/en\/wp-json\/wp\/v2\/pages"}],"about":[{"href":"https:\/\/donga-recycling.vn\/en\/wp-json\/wp\/v2\/types\/page"}],"author":[{"embeddable":true,"href":"https:\/\/donga-recycling.vn\/en\/wp-json\/wp\/v2\/users\/1"}],"replies":[{"embeddable":true,"href":"https:\/\/donga-recycling.vn\/en\/wp-json\/wp\/v2\/comments?post=984"}],"version-history":[{"count":6,"href":"https:\/\/donga-recycling.vn\/en\/wp-json\/wp\/v2\/pages\/984\/revisions"}],"predecessor-version":[{"id":1303,"href":"https:\/\/donga-recycling.vn\/en\/wp-json\/wp\/v2\/pages\/984\/revisions\/1303"}],"wp:featuredmedia":[{"embeddable":true,"href":"https:\/\/donga-recycling.vn\/en\/wp-json\/wp\/v2\/media\/864"}],"wp:attachment":[{"href":"https:\/\/donga-recycling.vn\/en\/wp-json\/wp\/v2\/media?parent=984"}],"curies":[{"name":"wp","href":"https:\/\/api.w.org\/{rel}","templated":true}]}}